{"id":32,"date":"2015-04-13T15:58:03","date_gmt":"2015-04-13T13:58:03","guid":{"rendered":"http:\/\/www.charlotte-ehrt.de\/?page_id=32"},"modified":"2026-01-21T12:38:45","modified_gmt":"2026-01-21T11:38:45","slug":"vita","status":"publish","type":"page","link":"https:\/\/www.charlotte-ehrt.de\/de_DE\/vita\/","title":{"rendered":"Vita"},"content":{"rendered":"<p>Meine Arbeiten bewegen sich oft auf den Grenzbereichen zwischen Kunst, Design und Vermittlung.<br \/>\nAls Designerin interessiert mich die Verbindung von Handwerk und Konzeptarbeit. Dies kann die Inszenierung eines speziellen Objektes oder die Gestaltung eines Raumes selbst sein. Beides ist f\u00fcr die Vermittlung des Kontextes sehr f\u00f6rderlich und gerade bei komplexen Sachverhalten unumg\u00e4nglich. In bildnerischen Arbeiten setzte ich den Schwerpunkt Textilgestaltung. Ein Ressourcen schonender Umgang (Recycling) und Materialit\u00e4t stehen dabei im Vordergrund meiner gestalterischen Entwurfsarbeit.<br \/>\nEin anderer Bereich ist die Kultur- und Bildungsarbeit zu gesellschafts- und netzpolitischen Themen. Hier erstellte ich in Teamarbeit mit anderen Freiberuflichen aus Design, Technik und Medienwissenschaft Ausstellungen und Workshops.<br \/>\nAls K\u00fcnstlerin liegt dieser Ansatz f\u00fcr mich ebenso zu Grunde. Ich arbeite aus dem Material heraus. Naturr\u00e4ume bieten mir die meiste Inspiration, wobei Fragen nach der Verbindung und Konstruktion des Naturbegriffs immer mitschwingen.<\/p>\n<ul>\n<li>geb. 1987 in Potsdam<\/li>\n<li>2006 Abitur Weinberg Gymnasium Kleinmachnow<\/li>\n<li>2007-2009 Praktika Theaterplastik, Ausstattung, Puppenbau am<br \/>\n<a href=\"http:\/\/www.hansottotheater.de\/\" target=\"_blank\" rel=\"noopener\">Hans Otto Theater Potsdam<\/a> , <a href=\"http:\/\/www.judith-maehler.de\/\" target=\"_blank\" rel=\"noopener\">Theaterwerkstatt dollepuppen Berlin<\/a>,<br \/>\nT-Werk Potsdam , 2016 Requisite <a href=\"http:\/\/buehnen-halle.de\/puppentheater#!\/\" target=\"_blank\" rel=\"noopener\">Puppentheater Halle<\/a><\/li>\n<li>2009-10 Veranstaltungsorganisation beim <a href=\"http:\/\/www.unidram.de\/\" target=\"_blank\" rel=\"noopener\">Internationalen Theaterfestival &#8222;Unidram&#8220;<\/a>, Potsdam<\/li>\n<li>2007 Gr\u00fcndung <a href=\"http:\/\/www.ehrtweibchen.de\/\" target=\"_blank\" rel=\"noopener\">ehrtweibchen<\/a>, Label f\u00fcr Textilkunst<\/li>\n<li>2010-2014 Studium an der <a href=\"http:\/\/www.burg-halle.de\/\" target=\"_blank\" rel=\"noopener\">Burg Giebichenstein Kunsthochschule Halle<\/a>,<br \/>\n2014 Bachelor of Arts, Industriedesign, Spiel- und Lerndesign<\/li>\n<li>2015 Arbeitsstipendium der <a href=\"http:\/\/www.kunststiftung-sachsen-anhalt.de\/web\/stipendiatendatenbank\/charlotte-ehrt.html?art=%BB+alle+Genre&amp;typ=%BB+alle+Stipendienarten&amp;jahr=%BB+alle+Jahre&amp;name=&amp;sort=&amp;ansicht=\" target=\"_blank\" rel=\"noopener\">Kunststiftung des Landes Sachsen-Anhalt<\/a><\/li>\n<li>seit 2013 aktives Mitglied im <a href=\"http:\/\/herrfleischer.de\/\" target=\"_blank\" rel=\"noopener\">hr.fleischer e.V. Kunst- und Projektraum<\/a><br \/>\n<a href=\"http:\/\/herrfleischer.de\/\" target=\"_blank\" rel=\"noopener\">Kiosk am Reileck<\/a><\/li>\n<li>2014 Mitgr\u00fcndung Neuland e.V. in Halle (Saale) f\u00fcr Bildungsarbeit zu<br \/>\nDatenschutz, digitale Infrastruktur<\/li>\n<li>2015 Gr\u00fcndung <a href=\"http:\/\/www.spielwiese-design.de\/\" target=\"_blank\" rel=\"noopener\">Spielwiese &#8211; Plattform f\u00fcr nachhaltiges Spieldesign<\/a><\/li>\n<li>2016 Programmredaktion und Ausstellungskuratierung f\u00fcr<br \/>\n<a href=\"https:\/\/swap-netzkultur.de\/\" target=\"_blank\" rel=\"noopener\">\u201eSuperzukunft\u201c \u2013 Swap: Netzkultur 2016<\/a> in Zusammenarbeit mit der<br \/>\nLandeszentrale f\u00fcr politische Bildung Sachsen-Anhalt<\/li>\n<li>2018-2024 Kunstp\u00e4dagogik-Studium an der <a href=\"https:\/\/www.burg-halle.de\/kunst\/kunst-lehramt-kunstpaedagogik\/kunst-lehramt-kunstpaedagogik\/studienarbeiten\/project\/charlotte-ehrt\/\" target=\"_blank\" rel=\"noopener\">Burg Giebichenstein Kunsthochschule Halle<\/a>,<br \/>\n2024 Diplom Kunstp\u00e4dagogik, Prof. Stella Geppert<\/li>\n<\/ul>\n<p><a title=\"Xing-Profil\" href=\"http:\/\/https:\/\/www.xing.com\/profile\/Charlotte_Ehrt\/\">Xing-Profil<\/a><\/p>\n<p><a href=\"https:\/\/www.linkedin.com\/in\/charlotte-ehrt-772347106\" target=\"_blank\" rel=\"noopener\">LinkedIn<\/a><\/p>\n","protected":false},"excerpt":{"rendered":"<p>Meine Arbeiten bewegen sich oft auf den Grenzbereichen zwischen Kunst, Design und Vermittlung.<br \/>\nAls Designerin interessiert mich die Verbindung von Handwerk und Konzeptarbeit. Dies kann die Inszenierung eines speziellen Objektes oder die Gestaltung ei&#8230;<\/p>\n","protected":false},"author":2,"featured_media":0,"parent":0,"menu_order":1,"comment_status":"closed","ping_status":"open","template":"","meta":{"footnotes":""},"class_list":["post-32","page","type-page","status-publish","hentry","has-post-thumbnail"],"_links":{"self":[{"href":"https:\/\/www.charlotte-ehrt.de\/de_DE\/wp-json\/wp\/v2\/pages\/32","targetHints":{"allow":["GET"]}}],"collection":[{"href":"https:\/\/www.charlotte-ehrt.de\/de_DE\/wp-json\/wp\/v2\/pages"}],"about":[{"href":"https:\/\/www.charlotte-ehrt.de\/de_DE\/wp-json\/wp\/v2\/types\/page"}],"author":[{"embeddable":true,"href":"https:\/\/www.charlotte-ehrt.de\/de_DE\/wp-json\/wp\/v2\/users\/2"}],"replies":[{"embeddable":true,"href":"https:\/\/www.charlotte-ehrt.de\/de_DE\/wp-json\/wp\/v2\/comments?post=32"}],"version-history":[{"count":25,"href":"https:\/\/www.charlotte-ehrt.de\/de_DE\/wp-json\/wp\/v2\/pages\/32\/revisions"}],"predecessor-version":[{"id":690,"href":"https:\/\/www.charlotte-ehrt.de\/de_DE\/wp-json\/wp\/v2\/pages\/32\/revisions\/690"}],"wp:attachment":[{"href":"https:\/\/www.charlotte-ehrt.de\/de_DE\/wp-json\/wp\/v2\/media?parent=32"}],"curies":[{"name":"wp","href":"https:\/\/api.w.org\/{rel}","templated":true}]}}